{"id":2,"date":"2016-05-10T03:48:21","date_gmt":"2016-05-10T03:48:21","guid":{"rendered":"https:\/\/glumpenau.de\/?page_id=2"},"modified":"2026-02-01T17:30:13","modified_gmt":"2026-02-01T16:30:13","slug":"sample-page","status":"publish","type":"page","link":"https:\/\/glumpenau.de\/","title":{"rendered":"Startseite"},"content":{"rendered":"\n<p>Glumpenau Chronik<\/p>\n\n\n\n<p>Vorwort<\/p>\n\n\n\n<p class=\"has-large-font-size\"> Von unserem Heimatdorfe Glumpenau kannte man meines Wissens bisher nichts \u00fcber seine Entstehung oder aus seinen Anf\u00e4ngen in fr\u00fcheren Jahrhunderten und daher sollen die nachfolgenden Seiten mit ihren Aufzeichnungen einen kleinen R\u00fcckblick geben <\/p>\n\n\n\n<p>In Vorbereitung<\/p>\n\n\n\n<figure class=\"wp-block-image size-large is-style-twentytwentyone-image-frame\"><img loading=\"lazy\" decoding=\"async\" width=\"460\" height=\"162\" src=\"https:\/\/glumpenau.de\/wp-content\/uploads\/2021\/03\/10582014.png\" alt=\"\" class=\"wp-image-6\" srcset=\"https:\/\/glumpenau.de\/wp-content\/uploads\/2021\/03\/10582014.png 460w, https:\/\/glumpenau.de\/wp-content\/uploads\/2021\/03\/10582014-300x106.png 300w\" sizes=\"auto, (max-width: 460px) 100vw, 460px\" \/><\/figure>\n","protected":false},"excerpt":{"rendered":"<p>Glumpenau Chronik Vorwort Von unserem Heimatdorfe Glumpenau kannte man meines Wissens bisher nichts \u00fcber seine Entstehung oder aus seinen Anf\u00e4ngen in fr\u00fcheren Jahrhunderten und daher sollen die nachfolgenden Seiten mit ihren Aufzeichnungen einen kleinen R\u00fcckblick geben In Vorbereitung<\/p>\n","protected":false},"author":1,"featured_media":0,"parent":0,"menu_order":0,"comment_status":"closed","ping_status":"closed","template":"","meta":{"footnotes":""},"class_list":["post-2","page","type-page","status-publish","hentry","entry"],"_links":{"self":[{"href":"https:\/\/glumpenau.de\/index.php?rest_route=\/wp\/v2\/pages\/2","targetHints":{"allow":["GET"]}}],"collection":[{"href":"https:\/\/glumpenau.de\/index.php?rest_route=\/wp\/v2\/pages"}],"about":[{"href":"https:\/\/glumpenau.de\/index.php?rest_route=\/wp\/v2\/types\/page"}],"author":[{"embeddable":true,"href":"https:\/\/glumpenau.de\/index.php?rest_route=\/wp\/v2\/users\/1"}],"replies":[{"embeddable":true,"href":"https:\/\/glumpenau.de\/index.php?rest_route=%2Fwp%2Fv2%2Fcomments&post=2"}],"version-history":[{"count":4,"href":"https:\/\/glumpenau.de\/index.php?rest_route=\/wp\/v2\/pages\/2\/revisions"}],"predecessor-version":[{"id":13,"href":"https:\/\/glumpenau.de\/index.php?rest_route=\/wp\/v2\/pages\/2\/revisions\/13"}],"wp:attachment":[{"href":"https:\/\/glumpenau.de\/index.php?rest_route=%2Fwp%2Fv2%2Fmedia&parent=2"}],"curies":[{"name":"wp","href":"https:\/\/api.w.org\/{rel}","templated":true}]}}